{"id":7,"date":"2025-10-16T21:33:58","date_gmt":"2025-10-16T21:33:58","guid":{"rendered":"https:\/\/onyxcoop.com\/?page_id=7"},"modified":"2026-03-23T15:07:19","modified_gmt":"2026-03-23T15:07:19","slug":"strona-domowa","status":"publish","type":"page","link":"http:\/\/onyxcoop.com\/","title":{"rendered":""},"content":{"rendered":"\n<p><\/p>\n\n\n\n<div class=\"wp-block-group alignfull has-ast-global-color-5-background-color has-background is-layout-constrained wp-container-core-group-is-layout-94d206d0 wp-block-group-is-layout-constrained\" id=\"about\" style=\"padding-top:143px;padding-bottom:144px\">\n<div class=\"wp-block-media-text has-media-on-the-right is-stacked-on-mobile is-vertically-aligned-center\"><div class=\"wp-block-media-text__content\">\n<div class=\"inherit-container-width wp-block-group is-layout-constrained wp-container-core-group-is-layout-47ce07ec wp-block-group-is-layout-constrained\" style=\"padding-right:80px\">\n<h2 class=\"wp-block-heading\" style=\"padding-right:40px\">Dobry start<\/h2>\n\n\n\n<p>to 90% sukcesu&#8230;<\/p>\n\n\n\n<p>Pomagamy wystartowa\u0107 w biznesie, doradzimy, skonsultujemy, <strong>zaksi\u0119gujemy, pomo\u017cemy.<\/strong> A mo\u017ce <strong>podpis elektroniczny<\/strong> do tego?<\/p>\n\n\n\n<p>Jeste\u015bmy obecni w bran\u017cy <strong>taxi<\/strong> jako <strong>partner<\/strong> flotowy i rozliczeniowy, wi\u0119c jed\u017a z nami!<\/p>\n\n\n\n<p>Mamy do\u015bwiadczenie w zakresie prowadzenia i <strong>ksi\u0119gowania NGO,<\/strong> zw\u0142aszcza <strong>fundacji<\/strong>. Wi\u0119c je\u015bli tego szukasz, doskonale trafi\u0142e\u015b!<\/p>\n<\/div>\n<\/div><figure class=\"wp-block-media-text__media\"><img loading=\"lazy\" decoding=\"async\" width=\"1024\" height=\"683\" src=\"https:\/\/onyxcoop.com\/wp-content\/uploads\/2025\/10\/generated-image-b78b02fe-d023-4e5b-88b4-2a3cbf286df4-1-1024x683.png\" alt=\"\" class=\"wp-image-78 size-full\" srcset=\"http:\/\/onyxcoop.com\/wp-content\/uploads\/2025\/10\/generated-image-b78b02fe-d023-4e5b-88b4-2a3cbf286df4-1-1024x683.png 1024w, http:\/\/onyxcoop.com\/wp-content\/uploads\/2025\/10\/generated-image-b78b02fe-d023-4e5b-88b4-2a3cbf286df4-1-300x200.png 300w, http:\/\/onyxcoop.com\/wp-content\/uploads\/2025\/10\/generated-image-b78b02fe-d023-4e5b-88b4-2a3cbf286df4-1-768x512.png 768w, http:\/\/onyxcoop.com\/wp-content\/uploads\/2025\/10\/generated-image-b78b02fe-d023-4e5b-88b4-2a3cbf286df4-1.png 1536w\" sizes=\"auto, (max-width: 1024px) 100vw, 1024px\" \/><\/figure><\/div>\n<\/div>\n\n\n\n<div class=\"wp-block-group alignfull is-layout-constrained wp-container-core-group-is-layout-3fee123f wp-block-group-is-layout-constrained\" id=\"whyus\" style=\"padding-top:144px;padding-bottom:144px\">\n<h2 class=\"wp-block-heading\">Dobry start!<\/h2>\n\n\n\n<div class=\"wp-block-columns is-layout-flex wp-container-core-columns-is-layout-29aadeec wp-block-columns-is-layout-flex\" style=\"margin-top:60px\">\n<div class=\"wp-block-column is-layout-flow wp-container-core-column-is-layout-6b73ce23 wp-block-column-is-layout-flow\">\n<figure class=\"wp-block-image size-large\"><img decoding=\"async\" src=\"https:\/\/onyxcoop.com\/wp-content\/themes\/astra\/inc\/assets\/images\/starter-content\/professional.svg\" alt=\"\" class=\"wp-image-163\"\/><\/figure>\n\n\n\n<h3 class=\"wp-block-heading\" style=\"margin-top:16px\">Podpis elektroniczny chmurowy<\/h3>\n\n\n\n<p><strong>Podstawowe narz\u0119dzie osoby funkcjonuj\u0105cej w biznesie cyfrowym.<\/strong><\/p>\n\n\n\n<p>Podpis cyfrowy to dzisiaj praktycznie konieczno\u015b\u0107 dla ka\u017cdego, kto zajmuje si\u0119 biznesem. Wersja chmurowa jest prostym i ekonomicznym rozwi\u0105zaniem.<\/p>\n\n\n\n<p class=\"has-text-align-right\"><a href=\"https:\/\/onyxcoop.com\/index.php\/2026\/03\/18\/osobisty-podpis-elektroniczny\/\">Czytaj wi\u0119cej<\/a><\/p>\n<\/div>\n\n\n\n<div class=\"wp-block-column is-layout-flow wp-container-core-column-is-layout-6b73ce23 wp-block-column-is-layout-flow\">\n<figure class=\"wp-block-image size-large\"><img decoding=\"async\" src=\"https:\/\/onyxcoop.com\/wp-content\/themes\/astra\/inc\/assets\/images\/starter-content\/professional.svg\" alt=\"\" class=\"wp-image-163\"\/><\/figure>\n\n\n\n<h3 class=\"wp-block-heading\" style=\"margin-top:16px\">Podpis elektroniczny z kart\u0105<\/h3>\n\n\n\n<p><strong>Zaawansowana forma podpisu osobistego<\/strong><\/p>\n\n\n\n<p>Podpis elektroniczny osobisty, ale z kart\u0105 i czytnikiem, to rozwi\u0105zanie wybierane przez niekt\u00f3re podmioty i osoby. Ma wiele zalet!<\/p>\n\n\n\n<p class=\"has-text-align-right\"><a href=\"https:\/\/onyxcoop.com\/index.php\/2026\/03\/18\/osobisty-podpis-elektroniczny\/\">Czytaj wi\u0119cej<\/a><\/p>\n<\/div>\n\n\n\n<div class=\"wp-block-column is-layout-flow wp-container-core-column-is-layout-6b73ce23 wp-block-column-is-layout-flow\">\n<figure class=\"wp-block-image size-large\"><img decoding=\"async\" src=\"https:\/\/onyxcoop.com\/wp-content\/themes\/astra\/inc\/assets\/images\/starter-content\/professional.svg\" alt=\"\" class=\"wp-image-163\"\/><\/figure>\n\n\n\n<h3 class=\"wp-block-heading\" style=\"margin-top:16px\">Piecz\u0119\u0107 elektroniczna<\/h3>\n\n\n\n<p><strong>Najbardziej zaawansowana forma!<\/strong><\/p>\n\n\n\n<p>Piecz\u0119\u0107 fimowa to &#8222;podpis&#8221; ca\u0142ej firmy jako osoby prawnej, niezale\u017cnego bytu. To najbardziej zaawansowana forma cz\u0119sto u\u017cywana przez inwestor\u00f3w zagranicznych.<\/p>\n\n\n\n<p><\/p>\n\n\n\n<p class=\"has-text-align-right\"><a href=\"https:\/\/onyxcoop.com\/index.php\/2026\/03\/18\/pieczec-elektroniczna\/\">Czytaj wi\u0119cej<\/a><\/p>\n<\/div>\n<\/div>\n\n\n\n<figure class=\"wp-block-image size-full\"><img loading=\"lazy\" decoding=\"async\" width=\"1891\" height=\"557\" src=\"https:\/\/onyxcoop.com\/wp-content\/uploads\/2026\/03\/eurocert_logo-2019-RGB_kolor.png\" alt=\"\" class=\"wp-image-294\" srcset=\"http:\/\/onyxcoop.com\/wp-content\/uploads\/2026\/03\/eurocert_logo-2019-RGB_kolor.png 1891w, http:\/\/onyxcoop.com\/wp-content\/uploads\/2026\/03\/eurocert_logo-2019-RGB_kolor-300x88.png 300w, http:\/\/onyxcoop.com\/wp-content\/uploads\/2026\/03\/eurocert_logo-2019-RGB_kolor-1024x302.png 1024w, http:\/\/onyxcoop.com\/wp-content\/uploads\/2026\/03\/eurocert_logo-2019-RGB_kolor-768x226.png 768w, http:\/\/onyxcoop.com\/wp-content\/uploads\/2026\/03\/eurocert_logo-2019-RGB_kolor-1536x452.png 1536w\" sizes=\"auto, (max-width: 1891px) 100vw, 1891px\" \/><\/figure>\n\n\n\n<div class=\"wp-block-columns is-layout-flex wp-container-core-columns-is-layout-29aadeec wp-block-columns-is-layout-flex\" style=\"margin-top:60px\">\n<div class=\"wp-block-column is-layout-flow wp-container-core-column-is-layout-6b73ce23 wp-block-column-is-layout-flow\">\n<figure class=\"wp-block-image size-large\"><img decoding=\"async\" src=\"https:\/\/onyxcoop.com\/wp-content\/themes\/astra\/inc\/assets\/images\/starter-content\/professional.svg\" alt=\"\" class=\"wp-image-163\"\/><\/figure>\n\n\n\n<h3 class=\"wp-block-heading\" style=\"margin-top:16px\">Pakiet Prosty NGO<\/h3>\n\n\n\n<p><strong>Zajmij si\u0119 swoj\u0105 misj\u0105 \u2013 formalno\u015bci zostaw nam!<\/strong> <\/p>\n\n\n\n<p>Profesjonalna ksi\u0119gowo\u015b\u0107 dla fundacji, stowarzysze\u0144 i klub\u00f3w sportowych. Specjalizujemy si\u0119 w prowadzeniu <strong>uproszczonej ewidencji (UEPIK)<\/strong> dla NGO o przychodach do 1 mln z\u0142. Zapewniamy pe\u0142ne doradztwo i bezpiecze\u0144stwo prawne Twojej organizacji.<\/p>\n\n\n\n<p class=\"has-text-align-right\"><a href=\"https:\/\/onyxcoop.com\/index.php\/category\/ngo\/\">Czytaj wi\u0119cej<\/a><\/p>\n<\/div>\n\n\n\n<div class=\"wp-block-column is-layout-flow wp-container-core-column-is-layout-6b73ce23 wp-block-column-is-layout-flow\">\n<figure class=\"wp-block-image size-large\"><img decoding=\"async\" src=\"https:\/\/onyxcoop.com\/wp-content\/themes\/astra\/inc\/assets\/images\/starter-content\/professional.svg\" alt=\"\" class=\"wp-image-163\"\/><\/figure>\n\n\n\n<h3 class=\"wp-block-heading\" style=\"margin-top:16px\">Pakiet Prosta Firma<\/h3>\n\n\n\n<p><strong>R\u00f3b swoje, my zajmiemy si\u0119 reszt\u0105!<\/strong> <\/p>\n\n\n\n<p>Specjalizujemy si\u0119 w ksi\u0119gowo\u015bci dla mikrofirm, kt\u00f3re w du\u017cych biurach czuj\u0105 si\u0119 anonimowe. Oferujemy co\u015b wi\u0119cej ni\u017c faktury: pe\u0142ne zrozumienie Twojej pasji, empati\u0119 i doradztwo dopasowane do skali Twojego biznesu.<br><\/p>\n\n\n\n<p class=\"has-text-align-right\"><a href=\"https:\/\/onyxcoop.com\/index.php\/category\/firma\/\">Czytaj wi\u0119cej<\/a><\/p>\n<\/div>\n\n\n\n<div class=\"wp-block-column is-layout-flow wp-container-core-column-is-layout-6b73ce23 wp-block-column-is-layout-flow\">\n<figure class=\"wp-block-image size-large\"><img decoding=\"async\" src=\"https:\/\/onyxcoop.com\/wp-content\/themes\/astra\/inc\/assets\/images\/starter-content\/professional.svg\" alt=\"\" class=\"wp-image-163\"\/><\/figure>\n\n\n\n<h3 class=\"wp-block-heading\" style=\"margin-top:16px\">Pakiet StartUp<\/h3>\n\n\n\n<p><strong>Doradztwo biznesowe i rejestracja firm.<\/strong>  <\/p>\n\n\n\n<p>Od pomys\u0142u, przez wyb\u00f3r formy opodatkowania i rejestracj\u0119, a\u017c po pe\u0142n\u0105 obs\u0142ug\u0119. Sprawd\u017a, jak profesjonalnie wystartowa\u0107 z w\u0142asnym przedsi\u0119wzi\u0119ciem!<\/p>\n\n\n\n<p>Pomo\u017cemy Ci za\u0142o\u017cy\u0107 firm\u0119!<\/p>\n\n\n\n<p class=\"has-text-align-right\"><a href=\"https:\/\/onyxcoop.com\/index.php\/category\/custom\/\">Czytaj wi\u0119cej<\/a><\/p>\n<\/div>\n<\/div>\n\n\n\n<div class=\"wp-block-columns is-layout-flex wp-container-core-columns-is-layout-29aadeec wp-block-columns-is-layout-flex\" style=\"margin-top:60px\">\n<div class=\"wp-block-column is-layout-flow wp-container-core-column-is-layout-6b73ce23 wp-block-column-is-layout-flow\">\n<figure class=\"wp-block-image size-large\"><img decoding=\"async\" src=\"https:\/\/onyxcoop.com\/wp-content\/themes\/astra\/inc\/assets\/images\/starter-content\/professional.svg\" alt=\"\" class=\"wp-image-163\"\/><\/figure>\n\n\n\n<h3 class=\"wp-block-heading\" style=\"margin-top:16px\">Pakiet Taxi<\/h3>\n\n\n\n<p>Chcesz dorobi\u0107 na taxi w Tr\u00f3jmie\u015bcie na w\u0142asnym samochodzie? To w\u0142a\u015bnie tu!<\/p>\n\n\n\n<p>Bez p\u0142acenia za wynajem! <\/p>\n\n\n\n<p>Je\u017adzisz kiedy chcesz, w\u0142asnym samochodem, my Ci\u0119 rozliczamy. Partner rozliczeniowy! <\/p>\n\n\n\n<p class=\"has-text-align-right\"><a href=\"https:\/\/onyxcoop.com\/index.php\/taxi\/\" data-type=\"link\" data-id=\"https:\/\/onyxcoop.com\/index.php\/taxi\/\">Czytaj wi\u0119cej<\/a><\/p>\n<\/div>\n\n\n\n<div class=\"wp-block-column is-layout-flow wp-container-core-column-is-layout-6b73ce23 wp-block-column-is-layout-flow\">\n<figure class=\"wp-block-image size-large\"><img decoding=\"async\" src=\"https:\/\/onyxcoop.com\/wp-content\/themes\/astra\/inc\/assets\/images\/starter-content\/professional.svg\" alt=\"\" class=\"wp-image-163\"\/><\/figure>\n\n\n\n<h3 class=\"wp-block-heading\" style=\"margin-top:16px\">Pakiet Kurier<\/h3>\n\n\n\n<p>Chcesz w Tr\u00f3jmie\u015bcie dorobi\u0107 na apkach kurierskich?<\/p>\n\n\n\n<p>To \u015bwietny pomys\u0142! Czy b\u0119dzie to Twoje g\u0142\u00f3wne \u017ar\u00f3d\u0142o dochodu, czy praca dodatkowa, potrzebujesz firmy flotowej, kt\u00f3ra Ci\u0119 rozliczy przed aplikacj\u0105, Urz\u0119dem Skarbowym i ZUSem. Legalny doch\u00f3d!<\/p>\n\n\n\n<p class=\"has-text-align-right\"><a href=\"https:\/\/onyxcoop.com\/index.php\/kurier\/\" data-type=\"link\" data-id=\"https:\/\/onyxcoop.com\/index.php\/kurier\/\">Czytaj wi\u0119cej<\/a><\/p>\n<\/div>\n\n\n\n<div class=\"wp-block-column is-layout-flow wp-container-core-column-is-layout-6b73ce23 wp-block-column-is-layout-flow\">\n<figure class=\"wp-block-image size-large\"><img decoding=\"async\" src=\"https:\/\/onyxcoop.com\/wp-content\/themes\/astra\/inc\/assets\/images\/starter-content\/professional.svg\" alt=\"\" class=\"wp-image-163\"\/><\/figure>\n\n\n\n<h3 class=\"wp-block-heading\" style=\"margin-top:16px\">Pakiet dla Freelancera<\/h3>\n\n\n\n<p>\u015awiadczysz swoje us\u0142ugi, ale nie chcesz zak\u0142ada\u0107 w\u0142asnej dzia\u0142alno\u015bci?<\/p>\n\n\n\n<p>Rozliczymy je przez umow\u0119 zlecenia. Nie jeste\u015bmy VATowcami, wi\u0119c b\u0119dzie to korzystniejsze ni\u017c u du\u017cych po\u015brednik\u00f3w. <br>We speak English, too!<\/p>\n\n\n\n<p class=\"has-text-align-right\"><a href=\"https:\/\/onyxcoop.com\/index.php\/freelancer\/\" data-type=\"link\" data-id=\"https:\/\/onyxcoop.com\/index.php\/freelancer\/\">Czytaj wi\u0119cej<\/a><\/p>\n<\/div>\n<\/div>\n\n\n\n<figure class=\"wp-block-gallery has-nested-images columns-6 wp-block-gallery-1 is-layout-flex wp-block-gallery-is-layout-flex\">\n<figure class=\"wp-block-image size-large\"><img loading=\"lazy\" decoding=\"async\" width=\"180\" height=\"180\" data-id=\"247\" src=\"https:\/\/onyxcoop.com\/wp-content\/uploads\/2026\/02\/elife.png\" alt=\"\" class=\"wp-image-247\" srcset=\"http:\/\/onyxcoop.com\/wp-content\/uploads\/2026\/02\/elife.png 180w, http:\/\/onyxcoop.com\/wp-content\/uploads\/2026\/02\/elife-150x150.png 150w\" sizes=\"auto, (max-width: 180px) 100vw, 180px\" \/><\/figure>\n\n\n\n<figure class=\"wp-block-image size-large\"><img loading=\"lazy\" decoding=\"async\" width=\"180\" height=\"180\" data-id=\"249\" src=\"https:\/\/onyxcoop.com\/wp-content\/uploads\/2026\/02\/uber-icon-logo.png\" alt=\"\" class=\"wp-image-249\" srcset=\"http:\/\/onyxcoop.com\/wp-content\/uploads\/2026\/02\/uber-icon-logo.png 180w, http:\/\/onyxcoop.com\/wp-content\/uploads\/2026\/02\/uber-icon-logo-150x150.png 150w\" sizes=\"auto, (max-width: 180px) 100vw, 180px\" \/><\/figure>\n\n\n\n<figure class=\"wp-block-image size-large\"><img loading=\"lazy\" decoding=\"async\" width=\"180\" height=\"180\" data-id=\"246\" src=\"https:\/\/onyxcoop.com\/wp-content\/uploads\/2026\/02\/bolt-min.jpg\" alt=\"\" class=\"wp-image-246\" srcset=\"http:\/\/onyxcoop.com\/wp-content\/uploads\/2026\/02\/bolt-min.jpg 180w, http:\/\/onyxcoop.com\/wp-content\/uploads\/2026\/02\/bolt-min-150x150.jpg 150w\" sizes=\"auto, (max-width: 180px) 100vw, 180px\" \/><\/figure>\n\n\n\n<figure class=\"wp-block-image size-full\"><img loading=\"lazy\" decoding=\"async\" width=\"180\" height=\"180\" data-id=\"254\" src=\"https:\/\/onyxcoop.com\/wp-content\/uploads\/2026\/02\/freenow-2.png\" alt=\"\" class=\"wp-image-254\" srcset=\"http:\/\/onyxcoop.com\/wp-content\/uploads\/2026\/02\/freenow-2.png 180w, http:\/\/onyxcoop.com\/wp-content\/uploads\/2026\/02\/freenow-2-150x150.png 150w\" sizes=\"auto, (max-width: 180px) 100vw, 180px\" \/><\/figure>\n\n\n\n<figure class=\"wp-block-image size-full\"><img loading=\"lazy\" decoding=\"async\" width=\"180\" height=\"180\" data-id=\"252\" src=\"https:\/\/onyxcoop.com\/wp-content\/uploads\/2026\/02\/gettransfer-1.png\" alt=\"\" class=\"wp-image-252\" srcset=\"http:\/\/onyxcoop.com\/wp-content\/uploads\/2026\/02\/gettransfer-1.png 180w, http:\/\/onyxcoop.com\/wp-content\/uploads\/2026\/02\/gettransfer-1-150x150.png 150w\" sizes=\"auto, (max-width: 180px) 100vw, 180px\" \/><\/figure>\n\n\n\n<figure class=\"wp-block-image size-large\"><img loading=\"lazy\" decoding=\"async\" width=\"180\" height=\"180\" data-id=\"250\" src=\"https:\/\/onyxcoop.com\/wp-content\/uploads\/2026\/02\/xpressdelivery.jpeg\" alt=\"\" class=\"wp-image-250\" srcset=\"http:\/\/onyxcoop.com\/wp-content\/uploads\/2026\/02\/xpressdelivery.jpeg 180w, http:\/\/onyxcoop.com\/wp-content\/uploads\/2026\/02\/xpressdelivery-150x150.jpeg 150w\" sizes=\"auto, (max-width: 180px) 100vw, 180px\" \/><\/figure>\n<\/figure>\n\n\n\n<div class=\"wp-block-columns is-layout-flex wp-container-core-columns-is-layout-29aadeec wp-block-columns-is-layout-flex\" style=\"margin-top:60px\">\n<div class=\"wp-block-column is-layout-flow wp-container-core-column-is-layout-6b73ce23 wp-block-column-is-layout-flow\">\n<figure class=\"wp-block-image size-large\"><img decoding=\"async\" src=\"https:\/\/onyxcoop.com\/wp-content\/themes\/astra\/inc\/assets\/images\/starter-content\/professional.svg\" alt=\"\" class=\"wp-image-163\"\/><\/figure>\n\n\n\n<h3 class=\"wp-block-heading\" style=\"margin-top:16px\">Edukacja<\/h3>\n\n\n\n<p>Nauczymy Ci\u0119 <strong>nowoczesnych<\/strong> <strong>narz\u0119dzi cyfrowych<\/strong>, dzi\u0119ki kt\u00f3rym zajmiesz si\u0119 Twoim pomys\u0142em, a formalno\u015bci nie b\u0119d\u0105 Ci\u0119 obci\u0105\u017ca\u0142y.<\/p>\n\n\n\n<p>Poka\u017cemy Ci jak z kom\u00f3rki zrobi\u0107 biuro i naj\u0142atwiej spe\u0142ni\u0107 wszystkie skomplikowane wymogi.<\/p>\n\n\n\n<p>Ca\u0142o\u015bciowo zadbamy o image idei firmy, misj\u0119 i lobbing.<\/p>\n<\/div>\n\n\n\n<div class=\"wp-block-column is-layout-flow wp-container-core-column-is-layout-6b73ce23 wp-block-column-is-layout-flow\">\n<figure class=\"wp-block-image size-large\"><img decoding=\"async\" src=\"https:\/\/onyxcoop.com\/wp-content\/themes\/astra\/inc\/assets\/images\/starter-content\/professional.svg\" alt=\"\" class=\"wp-image-163\"\/><\/figure>\n\n\n\n<h3 class=\"wp-block-heading\" style=\"margin-top:16px\">Zak\u0142adanie i reprezentacja<\/h3>\n\n\n\n<p>Chcesz zrobi\u0107 projekt, masz pomys\u0142, ale nie wiesz jak to ogarn\u0105\u0107? Pomo\u017cemy Ci stworzy\u0107 go, zorganizowa\u0107, sformalizowa\u0107 i zarz\u0105dza\u0107 nim. Podpowiemy nowoczesne narz\u0119dzia, kontakty, kana\u0142y promocji.<\/p>\n\n\n\n<p><strong>Zak\u0142adanie<\/strong> fundacji, firm, stowarzysze\u0144.<\/p>\n\n\n\n<p>Nie masz czasu? Wiadomo! Zrobimy to za Ciebie!<\/p>\n<\/div>\n\n\n\n<div class=\"wp-block-column is-layout-flow wp-container-core-column-is-layout-6b73ce23 wp-block-column-is-layout-flow\">\n<figure class=\"wp-block-image size-large\"><img decoding=\"async\" src=\"https:\/\/onyxcoop.com\/wp-content\/themes\/astra\/inc\/assets\/images\/starter-content\/professional.svg\" alt=\"\" class=\"wp-image-163\"\/><\/figure>\n\n\n\n<h3 class=\"wp-block-heading\" style=\"margin-top:16px\"><strong>Za\u0142\u00f3\u017c firm\u0119 w Polsce<\/strong><\/h3>\n\n\n\n<p>Za\u0142\u00f3\u017c w Polsce firm\u0119 i legalnie zarabiaj! Sp\u00f3\u0142ki oraz dzia\u0142alno\u015b\u0107 jednoosobowa! Jeste\u015bmy ekspertami!<\/p>\n\n\n\n<p>Prowadzimy Ci\u0119 przez procedur\u0119 od A do Z! Wykonujemy wszystkie czynno\u015bci za Ciebie. Na \u017cywo online!<\/p>\n\n\n\n<p><\/p>\n<\/div>\n<\/div>\n<\/div>\n\n\n\n<div class=\"wp-block-group alignfull has-background is-layout-constrained wp-container-core-group-is-layout-cfcca693 wp-block-group-is-layout-constrained\" id=\"contact\" style=\"background:linear-gradient(35deg,rgb(6,0,151) 0%,rgb(130,4,255) 64%,rgb(193,15,255) 98%);padding-top:104px;padding-bottom:104px\">\n<h2 class=\"wp-block-heading has-text-align-center has-text-color\" style=\"color:#ffffff\">Przekuwamy pomys\u0142y w fakty!<\/h2>\n\n\n\n<div class=\"wp-block-cover alignfull has-custom-content-position is-position-top-center\" style=\"min-height:100vh;aspect-ratio:unset;\"><img loading=\"lazy\" decoding=\"async\" width=\"1024\" height=\"683\" class=\"wp-block-cover__image-background wp-image-79\" alt=\"\" src=\"https:\/\/onyxcoop.com\/wp-content\/uploads\/2025\/10\/generated-image-3ca33057-f2b3-4d03-a3d5-22755d644fd1-1024x683.png\" data-object-fit=\"cover\" srcset=\"http:\/\/onyxcoop.com\/wp-content\/uploads\/2025\/10\/generated-image-3ca33057-f2b3-4d03-a3d5-22755d644fd1-1024x683.png 1024w, http:\/\/onyxcoop.com\/wp-content\/uploads\/2025\/10\/generated-image-3ca33057-f2b3-4d03-a3d5-22755d644fd1-300x200.png 300w, http:\/\/onyxcoop.com\/wp-content\/uploads\/2025\/10\/generated-image-3ca33057-f2b3-4d03-a3d5-22755d644fd1-768x512.png 768w, http:\/\/onyxcoop.com\/wp-content\/uploads\/2025\/10\/generated-image-3ca33057-f2b3-4d03-a3d5-22755d644fd1.png 1536w\" sizes=\"auto, (max-width: 1024px) 100vw, 1024px\" \/><span aria-hidden=\"true\" class=\"wp-block-cover__background has-background-dim\"><\/span><div class=\"wp-block-cover__inner-container is-layout-flow wp-block-cover-is-layout-flow\">\n<div class=\"wp-block-buttons alignwide is-horizontal is-content-justification-center is-layout-flex wp-container-core-buttons-is-layout-bba8380a wp-block-buttons-is-layout-flex\" style=\"margin-top:50px\">\n<div class=\"wp-block-button\"><a class=\"wp-block-button__link wp-element-button\" href=\"https:\/\/onyxcoop.com\/index.php\/kontakt\/\">Skontaktuj si\u0119!<\/a><\/div>\n<\/div>\n<\/div><\/div>\n<\/div>\n\n\n\n<p style=\"color: white;\">ksi\u0119gowo\u015b\u0107 dla startup\u00f3w, praktyki ksi\u0119gowo\u015b\u0107, rachunkowo\u015b\u0107, cosinus, praktyki kadry i p\u0142ace, prosta ksi\u0119gowo\u015b\u0107, uepik, kpir, ksi\u0119gowo\u015b\u0107 dla ma\u0142ej firmy, mikrofirmy, taks\u00f3wka, ma\u0142a gastronomia, dzia\u0142alno\u015b\u0107 nierejestrowana, porady prawne, ksi\u0119gowe, biznesowe, doradztwo, zak\u0142adanie firm, zak\u0142adanie stowarzysze\u0144, zak\u0142adanie fundacji, inkubator biznesu, doradztwo biznesowe, legalna praca, partner rozliczeniowy, partner flotowy, Tr\u00f3jmiasto, Gda\u0144sk, Sopot, Gdynia, Rumia, Reda, Wejherowo, Kosakowo, Pruszcz Gd., Kowale, Kolbudy<\/p>\n\n\n\n<p><\/p>\n","protected":false},"excerpt":{"rendered":"<p>Dobry start to 90% sukcesu&#8230; Pomagamy wystartowa\u0107 w biznesie, doradzimy, skonsultujemy, zaksi\u0119gujemy, pomo\u017cemy. A mo\u017ce podpis elektroniczny do tego? Jeste\u015bmy [&hellip;]<\/p>\n","protected":false},"author":1,"featured_media":0,"parent":0,"menu_order":0,"comment_status":"closed","ping_status":"closed","template":"","meta":{"site-sidebar-layout":"no-sidebar","site-content-layout":"plain-container","ast-site-content-layout":"default","site-content-style":"default","site-sidebar-style":"default","ast-global-header-display":"","ast-banner-title-visibility":"","ast-main-header-display":"","ast-hfb-above-header-display":"","ast-hfb-below-header-display":"","ast-hfb-mobile-header-display":"","site-post-title":"","ast-breadcrumbs-content":"","ast-featured-img":"","footer-sml-layout":"","ast-disable-related-posts":"","theme-transparent-header-meta":"enabled","adv-header-id-meta":"","stick-header-meta":"","header-above-stick-meta":"","header-main-stick-meta":"","header-below-stick-meta":"","astra-migrate-meta-layouts":"default","ast-page-background-enabled":"default","ast-page-background-meta":{"desktop":{"background-color":"var(--ast-global-color-5)","background-image":"","background-repeat":"repeat","background-position":"center center","background-size":"auto","background-attachment":"scroll","background-type":"","background-media":"","overlay-type":"","overlay-color":"","overlay-opacity":"","overlay-gradient":""},"tablet":{"background-color":"","background-image":"","background-repeat":"repeat","background-position":"center center","background-size":"auto","background-attachment":"scroll","background-type":"","background-media":"","overlay-type":"","overlay-color":"","overlay-opacity":"","overlay-gradient":""},"mobile":{"background-color":"","background-image":"","background-repeat":"repeat","background-position":"center center","background-size":"auto","background-attachment":"scroll","background-type":"","background-media":"","overlay-type":"","overlay-color":"","overlay-opacity":"","overlay-gradient":""}},"ast-content-background-meta":{"desktop":{"background-color":"var(--ast-global-color-4)","background-image":"","background-repeat":"repeat","background-position":"center center","background-size":"auto","background-attachment":"scroll","background-type":"","background-media":"","overlay-type":"","overlay-color":"","overlay-opacity":"","overlay-gradient":""},"tablet":{"background-color":"var(--ast-global-color-4)","background-image":"","background-repeat":"repeat","background-position":"center center","background-size":"auto","background-attachment":"scroll","background-type":"","background-media":"","overlay-type":"","overlay-color":"","overlay-opacity":"","overlay-gradient":""},"mobile":{"background-color":"var(--ast-global-color-4)","background-image":"","background-repeat":"repeat","background-position":"center center","background-size":"auto","background-attachment":"scroll","background-type":"","background-media":"","overlay-type":"","overlay-color":"","overlay-opacity":"","overlay-gradient":""}},"footnotes":""},"class_list":["post-7","page","type-page","status-publish","hentry"],"_links":{"self":[{"href":"http:\/\/onyxcoop.com\/index.php\/wp-json\/wp\/v2\/pages\/7","targetHints":{"allow":["GET"]}}],"collection":[{"href":"http:\/\/onyxcoop.com\/index.php\/wp-json\/wp\/v2\/pages"}],"about":[{"href":"http:\/\/onyxcoop.com\/index.php\/wp-json\/wp\/v2\/types\/page"}],"author":[{"embeddable":true,"href":"http:\/\/onyxcoop.com\/index.php\/wp-json\/wp\/v2\/users\/1"}],"replies":[{"embeddable":true,"href":"http:\/\/onyxcoop.com\/index.php\/wp-json\/wp\/v2\/comments?post=7"}],"version-history":[{"count":50,"href":"http:\/\/onyxcoop.com\/index.php\/wp-json\/wp\/v2\/pages\/7\/revisions"}],"predecessor-version":[{"id":300,"href":"http:\/\/onyxcoop.com\/index.php\/wp-json\/wp\/v2\/pages\/7\/revisions\/300"}],"wp:attachment":[{"href":"http:\/\/onyxcoop.com\/index.php\/wp-json\/wp\/v2\/media?parent=7"}],"curies":[{"name":"wp","href":"https:\/\/api.w.org\/{rel}","templated":true}]}}